{"id":109,"date":"2025-07-21T17:20:17","date_gmt":"2025-07-21T17:20:17","guid":{"rendered":"https:\/\/guatencantada.com\/?page_id=109"},"modified":"2025-10-22T16:17:39","modified_gmt":"2025-10-22T16:17:39","slug":"sobre-nosotros","status":"publish","type":"page","link":"https:\/\/guatencantada.com\/en\/sobre-nosotros\/","title":{"rendered":"About Us"},"content":{"rendered":"<div data-elementor-type=\"wp-page\" data-elementor-id=\"109\" class=\"elementor elementor-109\" data-elementor-post-type=\"page\">\n\t\t\t\t<div class=\"elementor-element elementor-element-4b80b2df e-flex e-con-boxed e-con e-parent\" data-id=\"4b80b2df\" data-element_type=\"container\" data-settings=\"{&quot;background_background&quot;:&quot;classic&quot;}\">\n\t\t\t\t\t<div class=\"e-con-inner\">\n\t\t<div class=\"elementor-element elementor-element-599ce1dd e-con-full e-flex e-con e-child\" data-id=\"599ce1dd\" data-element_type=\"container\">\n\t\t\t\t<div class=\"elementor-element elementor-element-55732930 elementor-invisible elementor-widget elementor-widget-heading\" data-id=\"55732930\" data-element_type=\"widget\" data-settings=\"{&quot;_animation&quot;:&quot;fadeInDown&quot;}\" data-widget_type=\"heading.default\">\n\t\t\t\t<div class=\"elementor-widget-container\">\n\t\t\t\t\t<h2 class=\"elementor-heading-title elementor-size-default\">Responsible project<\/h2>\t\t\t\t<\/div>\n\t\t\t\t<\/div>\n\t\t\t\t<div class=\"elementor-element elementor-element-37073a4f elementor-invisible elementor-widget elementor-widget-heading\" data-id=\"37073a4f\" data-element_type=\"widget\" data-settings=\"{&quot;_animation&quot;:&quot;fadeInDown&quot;,&quot;_animation_delay&quot;:100}\" data-widget_type=\"heading.default\">\n\t\t\t\t<div class=\"elementor-widget-container\">\n\t\t\t\t\t<h1 class=\"elementor-heading-title elementor-size-default\">About Us<\/h1>\t\t\t\t<\/div>\n\t\t\t\t<\/div>\n\t\t\t\t<div class=\"elementor-element elementor-element-6653c59c elementor-widget__width-initial elementor-invisible elementor-widget elementor-widget-text-editor\" data-id=\"6653c59c\" data-element_type=\"widget\" data-settings=\"{&quot;_animation&quot;:&quot;fadeInDown&quot;,&quot;_animation_delay&quot;:300}\" data-widget_type=\"text-editor.default\">\n\t\t\t\t<div class=\"elementor-widget-container\">\n\t\t\t\t\t\t\t\t\t<p>An authentic adventure, created by those who know the magic of these lands. Promoted by Hobbitenango, this tour has been designed with passion, professionalism, and purpose.<\/p>\t\t\t\t\t\t\t\t<\/div>\n\t\t\t\t<\/div>\n\t\t\t\t<div class=\"elementor-element elementor-element-79431f9a elementor-widget elementor-widget-spacer\" data-id=\"79431f9a\" data-element_type=\"widget\" data-widget_type=\"spacer.default\">\n\t\t\t\t<div class=\"elementor-widget-container\">\n\t\t\t\t\t\t\t<div class=\"elementor-spacer\">\n\t\t\t<div class=\"elementor-spacer-inner\"><\/div>\n\t\t<\/div>\n\t\t\t\t\t\t<\/div>\n\t\t\t\t<\/div>\n\t\t\t\t<\/div>\n\t\t\t\t\t<\/div>\n\t\t\t\t<\/div>\n\t\t<div class=\"elementor-element elementor-element-6ba1d9e9 e-flex e-con-boxed e-con e-parent\" data-id=\"6ba1d9e9\" data-element_type=\"container\">\n\t\t\t\t\t<div class=\"e-con-inner\">\n\t\t<div class=\"elementor-element elementor-element-5578f709 e-con-full e-flex e-con e-child\" data-id=\"5578f709\" data-element_type=\"container\">\n\t\t\t\t<div class=\"elementor-element elementor-element-2c1f2ac5 elementor-invisible elementor-widget elementor-widget-heading\" data-id=\"2c1f2ac5\" data-element_type=\"widget\" data-settings=\"{&quot;_animation&quot;:&quot;fadeInUp&quot;,&quot;_animation_delay&quot;:400}\" data-widget_type=\"heading.default\">\n\t\t\t\t<div class=\"elementor-widget-container\">\n\t\t\t\t\t<h2 class=\"elementor-heading-title elementor-size-default\">Gu\u00edas Locales<\/h2>\t\t\t\t<\/div>\n\t\t\t\t<\/div>\n\t\t\t\t<div class=\"elementor-element elementor-element-3ddb2bff elementor-invisible elementor-widget elementor-widget-heading\" data-id=\"3ddb2bff\" data-element_type=\"widget\" data-settings=\"{&quot;_animation&quot;:&quot;fadeInUp&quot;,&quot;_animation_delay&quot;:400}\" data-widget_type=\"heading.default\">\n\t\t\t\t<div class=\"elementor-widget-container\">\n\t\t\t\t\t<h2 class=\"elementor-heading-title elementor-size-default\">Acatenango Volcano and Fuego<\/h2>\t\t\t\t<\/div>\n\t\t\t\t<\/div>\n\t\t\t\t<div class=\"elementor-element elementor-element-7a342ab8 elementor-widget__width-initial elementor-invisible elementor-widget elementor-widget-text-editor\" data-id=\"7a342ab8\" data-element_type=\"widget\" data-settings=\"{&quot;_animation&quot;:&quot;fadeInUp&quot;,&quot;_animation_delay&quot;:400}\" data-widget_type=\"text-editor.default\">\n\t\t\t\t<div class=\"elementor-widget-container\">\n\t\t\t\t\t\t\t\t\t<p>Our team is made up of passionate, charismatic local guides who are deeply connected to their land. Many of them are bilingual in Spanish and English, ensuring a close, authentic, and accessible experience for all our visitors.<\/p>\t\t\t\t\t\t\t\t<\/div>\n\t\t\t\t<\/div>\n\t\t\t\t<\/div>\n\t\t\t\t\t<\/div>\n\t\t\t\t<\/div>\n\t\t<div class=\"elementor-element elementor-element-570d54a9 e-flex e-con-boxed e-con e-parent\" data-id=\"570d54a9\" data-element_type=\"container\">\n\t\t\t\t\t<div class=\"e-con-inner\">\n\t\t<div class=\"elementor-element elementor-element-1dc57ec0 e-con-full e-flex e-con e-child\" data-id=\"1dc57ec0\" data-element_type=\"container\">\n\t\t<div class=\"elementor-element elementor-element-76c3d37b e-con-full e-flex e-con e-child\" data-id=\"76c3d37b\" data-element_type=\"container\">\n\t\t\t\t<div class=\"elementor-element elementor-element-2c9a38c1 elementor-invisible elementor-widget elementor-widget-heading\" data-id=\"2c9a38c1\" data-element_type=\"widget\" data-settings=\"{&quot;_animation&quot;:&quot;fadeInLeft&quot;}\" data-widget_type=\"heading.default\">\n\t\t\t\t<div class=\"elementor-widget-container\">\n\t\t\t\t\t<h2 class=\"elementor-heading-title elementor-size-default\">Social commitment<br>\nCompromiso social<\/h2>\t\t\t\t<\/div>\n\t\t\t\t<\/div>\n\t\t\t\t<div class=\"elementor-element elementor-element-52243ac0 elementor-invisible elementor-widget elementor-widget-text-editor\" data-id=\"52243ac0\" data-element_type=\"widget\" data-settings=\"{&quot;_animation&quot;:&quot;fadeInLeft&quot;,&quot;_animation_delay&quot;:100}\" data-widget_type=\"text-editor.default\">\n\t\t\t\t<div class=\"elementor-widget-container\">\n\t\t\t\t\t\t\t\t\t<p>At the heart of this unique experience is an extraordinary group of local guides, true guardians of the mountain, who have dedicated more than a decade of their lives to mountain tourism in Guatemala. These passionate professionals, originally from the village of La Soledad in Acatenango, have created their own space, transforming their experience into opportunities for their community.<\/p><p>The partnership between Hobbitenango and these local entrepreneurs stems from a shared vision: the sustainable development of Guatemalan communities. As a Guatemalan company committed to the progress of our country, Hobbitenango recognizes the vital importance of supporting local initiatives that have a positive impact on our communities.<\/p>\t\t\t\t\t\t\t\t<\/div>\n\t\t\t\t<\/div>\n\t\t\t\t<div class=\"elementor-element elementor-element-74260b34 elementor-widget elementor-widget-spacer\" data-id=\"74260b34\" data-element_type=\"widget\" data-widget_type=\"spacer.default\">\n\t\t\t\t<div class=\"elementor-widget-container\">\n\t\t\t\t\t\t\t<div class=\"elementor-spacer\">\n\t\t\t<div class=\"elementor-spacer-inner\"><\/div>\n\t\t<\/div>\n\t\t\t\t\t\t<\/div>\n\t\t\t\t<\/div>\n\t\t\t\t<\/div>\n\t\t<div class=\"elementor-element elementor-element-564720e9 e-con-full e-flex e-con e-child\" data-id=\"564720e9\" data-element_type=\"container\">\n\t\t\t\t<div class=\"elementor-element elementor-element-4201d58f elementor-invisible elementor-widget elementor-widget-image\" data-id=\"4201d58f\" data-element_type=\"widget\" data-settings=\"{&quot;_animation&quot;:&quot;fadeInRight&quot;,&quot;_animation_delay&quot;:200}\" data-widget_type=\"image.default\">\n\t\t\t\t<div class=\"elementor-widget-container\">\n\t\t\t\t\t\t\t\t\t\t\t\t\t\t\t<img fetchpriority=\"high\" decoding=\"async\" width=\"580\" height=\"541\" src=\"https:\/\/guatencantada.com\/wp-content\/uploads\/2025\/07\/Rectangle-17.png\" class=\"attachment-large size-large wp-image-112\" alt=\"\" srcset=\"https:\/\/guatencantada.com\/wp-content\/uploads\/2025\/07\/Rectangle-17.png 580w, https:\/\/guatencantada.com\/wp-content\/uploads\/2025\/07\/Rectangle-17-300x280.png 300w\" sizes=\"(max-width: 580px) 100vw, 580px\" \/>\t\t\t\t\t\t\t\t\t\t\t\t\t\t\t<\/div>\n\t\t\t\t<\/div>\n\t\t\t\t<\/div>\n\t\t\t\t<\/div>\n\t\t\t\t\t<\/div>\n\t\t\t\t<\/div>\n\t\t<div class=\"elementor-element elementor-element-186de6ee e-flex e-con-boxed e-con e-parent\" data-id=\"186de6ee\" data-element_type=\"container\">\n\t\t\t\t\t<div class=\"e-con-inner\">\n\t\t<div class=\"elementor-element elementor-element-7c6b1eaa e-con-full e-flex e-con e-child\" data-id=\"7c6b1eaa\" data-element_type=\"container\">\n\t\t\t\t<div class=\"elementor-element elementor-element-6dad715e elementor-widget elementor-widget-spacer\" data-id=\"6dad715e\" data-element_type=\"widget\" data-widget_type=\"spacer.default\">\n\t\t\t\t<div class=\"elementor-widget-container\">\n\t\t\t\t\t\t\t<div class=\"elementor-spacer\">\n\t\t\t<div class=\"elementor-spacer-inner\"><\/div>\n\t\t<\/div>\n\t\t\t\t\t\t<\/div>\n\t\t\t\t<\/div>\n\t\t\t\t<div class=\"elementor-element elementor-element-7f845ca2 elementor-invisible elementor-widget elementor-widget-heading\" data-id=\"7f845ca2\" data-element_type=\"widget\" data-settings=\"{&quot;_animation&quot;:&quot;fadeInUp&quot;}\" data-widget_type=\"heading.default\">\n\t\t\t\t<div class=\"elementor-widget-container\">\n\t\t\t\t\t<h2 class=\"elementor-heading-title elementor-size-default\">More than Just Guides<\/h2>\t\t\t\t<\/div>\n\t\t\t\t<\/div>\n\t\t\t\t<div class=\"elementor-element elementor-element-628edf0b elementor-invisible elementor-widget elementor-widget-heading\" data-id=\"628edf0b\" data-element_type=\"widget\" data-settings=\"{&quot;_animation&quot;:&quot;fadeInUp&quot;}\" data-widget_type=\"heading.default\">\n\t\t\t\t<div class=\"elementor-widget-container\">\n\t\t\t\t\t<h2 class=\"elementor-heading-title elementor-size-default\">We are family<\/h2>\t\t\t\t<\/div>\n\t\t\t\t<\/div>\n\t\t\t\t<div class=\"elementor-element elementor-element-b248f03 elementor-widget__width-initial elementor-invisible elementor-widget elementor-widget-text-editor\" data-id=\"b248f03\" data-element_type=\"widget\" data-settings=\"{&quot;_animation&quot;:&quot;fadeInUp&quot;}\" data-widget_type=\"text-editor.default\">\n\t\t\t\t<div class=\"elementor-widget-container\">\n\t\t\t\t\t\t\t\t\t<p>Wilson, with his innate leadership skills, together with his brother Melvin, have shown extraordinary courage by daring to dream big, not only for their families, but for their entire community. Their decision to partner with Hobbitenango represents more than just a business collaboration; it is a testament to their vision to show the world the effort and dedication of their people.<\/p>\t\t\t\t\t\t\t\t<\/div>\n\t\t\t\t<\/div>\n\t\t\t\t<\/div>\n\t\t\t\t\t<\/div>\n\t\t\t\t<\/div>\n\t\t<div class=\"elementor-element elementor-element-a79b06a e-flex e-con-boxed e-con e-parent\" data-id=\"a79b06a\" data-element_type=\"container\">\n\t\t\t\t\t<div class=\"e-con-inner\">\n\t\t<div class=\"elementor-element elementor-element-c620c52 e-con-full e-flex e-con e-child\" data-id=\"c620c52\" data-element_type=\"container\">\n\t\t\t\t<div class=\"elementor-element elementor-element-4628468 elementor-invisible elementor-widget elementor-widget-image\" data-id=\"4628468\" data-element_type=\"widget\" data-settings=\"{&quot;_animation&quot;:&quot;fadeInUp&quot;}\" data-widget_type=\"image.default\">\n\t\t\t\t<div class=\"elementor-widget-container\">\n\t\t\t\t\t\t\t\t\t\t\t\t\t\t\t<img decoding=\"async\" width=\"800\" height=\"434\" src=\"https:\/\/guatencantada.com\/wp-content\/uploads\/2025\/07\/Rectangle-17-1-1024x555.png\" class=\"attachment-large size-large wp-image-113\" alt=\"\" srcset=\"https:\/\/guatencantada.com\/wp-content\/uploads\/2025\/07\/Rectangle-17-1-1024x555.png 1024w, https:\/\/guatencantada.com\/wp-content\/uploads\/2025\/07\/Rectangle-17-1-300x163.png 300w, https:\/\/guatencantada.com\/wp-content\/uploads\/2025\/07\/Rectangle-17-1-768x416.png 768w, https:\/\/guatencantada.com\/wp-content\/uploads\/2025\/07\/Rectangle-17-1.png 1209w\" sizes=\"(max-width: 800px) 100vw, 800px\" \/>\t\t\t\t\t\t\t\t\t\t\t\t\t\t\t<\/div>\n\t\t\t\t<\/div>\n\t\t\t\t<\/div>\n\t\t\t\t\t<\/div>\n\t\t\t\t<\/div>\n\t\t<div class=\"elementor-element elementor-element-5dd3df42 e-flex e-con-boxed e-con e-parent\" data-id=\"5dd3df42\" data-element_type=\"container\">\n\t\t\t\t\t<div class=\"e-con-inner\">\n\t\t<div class=\"elementor-element elementor-element-13e3199 e-con-full e-flex e-con e-child\" data-id=\"13e3199\" data-element_type=\"container\">\n\t\t\t\t<div class=\"elementor-element elementor-element-64575903 elementor-widget elementor-widget-spacer\" data-id=\"64575903\" data-element_type=\"widget\" data-widget_type=\"spacer.default\">\n\t\t\t\t<div class=\"elementor-widget-container\">\n\t\t\t\t\t\t\t<div class=\"elementor-spacer\">\n\t\t\t<div class=\"elementor-spacer-inner\"><\/div>\n\t\t<\/div>\n\t\t\t\t\t\t<\/div>\n\t\t\t\t<\/div>\n\t\t\t\t<div class=\"elementor-element elementor-element-54f9ed23 elementor-invisible elementor-widget elementor-widget-heading\" data-id=\"54f9ed23\" data-element_type=\"widget\" data-settings=\"{&quot;_animation&quot;:&quot;fadeInUp&quot;}\" data-widget_type=\"heading.default\">\n\t\t\t\t<div class=\"elementor-widget-container\">\n\t\t\t\t\t<h2 class=\"elementor-heading-title elementor-size-default\">Hobbitenango<\/h2>\t\t\t\t<\/div>\n\t\t\t\t<\/div>\n\t\t\t\t<div class=\"elementor-element elementor-element-5552ddaf elementor-invisible elementor-widget elementor-widget-heading\" data-id=\"5552ddaf\" data-element_type=\"widget\" data-settings=\"{&quot;_animation&quot;:&quot;fadeInUp&quot;}\" data-widget_type=\"heading.default\">\n\t\t\t\t<div class=\"elementor-widget-container\">\n\t\t\t\t\t<h2 class=\"elementor-heading-title elementor-size-default\">Guatemalan brand<\/h2>\t\t\t\t<\/div>\n\t\t\t\t<\/div>\n\t\t\t\t<\/div>\n\t\t\t\t\t<\/div>\n\t\t\t\t<\/div>\n\t\t<div class=\"elementor-element elementor-element-07980ef e-flex e-con-boxed e-con e-parent\" data-id=\"07980ef\" data-element_type=\"container\">\n\t\t\t\t\t<div class=\"e-con-inner\">\n\t\t<div class=\"elementor-element elementor-element-f08462c e-con-full e-flex e-con e-child\" data-id=\"f08462c\" data-element_type=\"container\">\n\t\t<div class=\"elementor-element elementor-element-24eaf04 e-con-full e-flex e-con e-child\" data-id=\"24eaf04\" data-element_type=\"container\">\n\t\t\t\t<div class=\"elementor-element elementor-element-67664b9 elementor-invisible elementor-widget elementor-widget-text-editor\" data-id=\"67664b9\" data-element_type=\"widget\" data-settings=\"{&quot;_animation&quot;:&quot;fadeInLeft&quot;}\" data-widget_type=\"text-editor.default\">\n\t\t\t\t<div class=\"elementor-widget-container\">\n\t\t\t\t\t\t\t\t\t<p>Hobbitenango is a Guatemalan brand founded in 2015 with a clear vision: to preserve nature and strengthen the community around us. Since our inception, we have built a unique eco-park that celebrates fantasy and sustainability. Our iconic hobbit-style houses, many of them made from recycled materials, have made this place a must-see destination for thousands of visitors.<br \/>But our mission goes beyond tourism. We believe in responsible community-based tourism, where local people are the protagonists.<\/p><p>We are committed to caring for the natural environment that surrounds us while creating real opportunities for those who live in these mountains. Because the environment needs us. Our community needs us too. And together, we are stronger.<\/p>\t\t\t\t\t\t\t\t<\/div>\n\t\t\t\t<\/div>\n\t\t\t\t<\/div>\n\t\t<div class=\"elementor-element elementor-element-e9e833b e-con-full e-flex elementor-invisible e-con e-child\" data-id=\"e9e833b\" data-element_type=\"container\" data-settings=\"{&quot;background_background&quot;:&quot;classic&quot;,&quot;animation&quot;:&quot;fadeInRight&quot;}\">\n\t\t\t\t<div class=\"elementor-element elementor-element-d75746b elementor-widget elementor-widget-image\" data-id=\"d75746b\" data-element_type=\"widget\" data-widget_type=\"image.default\">\n\t\t\t\t<div class=\"elementor-widget-container\">\n\t\t\t\t\t\t\t\t\t\t\t\t\t\t\t<img decoding=\"async\" width=\"1024\" height=\"1280\" src=\"https:\/\/guatencantada.com\/wp-content\/uploads\/2025\/07\/34b317e827c73547f07d1bc5646e4ad4396ed6c2.jpg\" class=\"attachment-1536x1536 size-1536x1536 wp-image-114\" alt=\"\" srcset=\"https:\/\/guatencantada.com\/wp-content\/uploads\/2025\/07\/34b317e827c73547f07d1bc5646e4ad4396ed6c2.jpg 1024w, https:\/\/guatencantada.com\/wp-content\/uploads\/2025\/07\/34b317e827c73547f07d1bc5646e4ad4396ed6c2-240x300.jpg 240w, https:\/\/guatencantada.com\/wp-content\/uploads\/2025\/07\/34b317e827c73547f07d1bc5646e4ad4396ed6c2-819x1024.jpg 819w, https:\/\/guatencantada.com\/wp-content\/uploads\/2025\/07\/34b317e827c73547f07d1bc5646e4ad4396ed6c2-768x960.jpg 768w\" sizes=\"(max-width: 1024px) 100vw, 1024px\" \/>\t\t\t\t\t\t\t\t\t\t\t\t\t\t\t<\/div>\n\t\t\t\t<\/div>\n\t\t<div class=\"elementor-element elementor-element-f5bed94 e-con-full e-flex e-con e-child\" data-id=\"f5bed94\" data-element_type=\"container\" data-settings=\"{&quot;background_background&quot;:&quot;classic&quot;}\">\n\t\t<div class=\"elementor-element elementor-element-d86d57c e-con-full e-flex e-con e-child\" data-id=\"d86d57c\" data-element_type=\"container\">\n\t\t\t\t<div class=\"elementor-element elementor-element-7caf9aa elementor-widget elementor-widget-heading\" data-id=\"7caf9aa\" data-element_type=\"widget\" data-widget_type=\"heading.default\">\n\t\t\t\t<div class=\"elementor-widget-container\">\n\t\t\t\t\t<h3 class=\"elementor-heading-title elementor-size-default\">2015<\/h3>\t\t\t\t<\/div>\n\t\t\t\t<\/div>\n\t\t\t\t<div class=\"elementor-element elementor-element-c4bc1cc elementor-widget elementor-widget-text-editor\" data-id=\"c4bc1cc\" data-element_type=\"widget\" data-widget_type=\"text-editor.default\">\n\t\t\t\t<div class=\"elementor-widget-container\">\n\t\t\t\t\t\t\t\t\t<p>Fotograf\u00eda<\/p>\t\t\t\t\t\t\t\t<\/div>\n\t\t\t\t<\/div>\n\t\t\t\t<\/div>\n\t\t\t\t<\/div>\n\t\t\t\t<\/div>\n\t\t\t\t<\/div>\n\t\t\t\t\t<\/div>\n\t\t\t\t<\/div>\n\t\t<div class=\"elementor-element elementor-element-1ef54ba8 e-flex e-con-boxed e-con e-parent\" data-id=\"1ef54ba8\" data-element_type=\"container\">\n\t\t\t\t\t<div class=\"e-con-inner\">\n\t\t<div class=\"elementor-element elementor-element-743031ef e-con-full e-flex e-con e-child\" data-id=\"743031ef\" data-element_type=\"container\">\n\t\t<div class=\"elementor-element elementor-element-3b2e4cf9 e-con-full e-flex elementor-invisible e-con e-child\" data-id=\"3b2e4cf9\" data-element_type=\"container\" data-settings=\"{&quot;animation&quot;:&quot;fadeInUp&quot;,&quot;animation_delay&quot;:100}\">\n\t\t\t\t<div class=\"elementor-element elementor-element-7b922aa0 elementor-widget elementor-widget-image\" data-id=\"7b922aa0\" data-element_type=\"widget\" data-widget_type=\"image.default\">\n\t\t\t\t<div class=\"elementor-widget-container\">\n\t\t\t\t\t\t\t\t\t\t\t\t\t\t\t<img loading=\"lazy\" decoding=\"async\" width=\"378\" height=\"322\" src=\"https:\/\/guatencantada.com\/wp-content\/uploads\/2025\/07\/Rectangle-35.png\" class=\"attachment-large size-large wp-image-117\" alt=\"\" srcset=\"https:\/\/guatencantada.com\/wp-content\/uploads\/2025\/07\/Rectangle-35.png 378w, https:\/\/guatencantada.com\/wp-content\/uploads\/2025\/07\/Rectangle-35-300x256.png 300w\" sizes=\"(max-width: 378px) 100vw, 378px\" \/>\t\t\t\t\t\t\t\t\t\t\t\t\t\t\t<\/div>\n\t\t\t\t<\/div>\n\t\t<div class=\"elementor-element elementor-element-5788ef0e e-con-full e-flex e-con e-child\" data-id=\"5788ef0e\" data-element_type=\"container\" data-settings=\"{&quot;background_background&quot;:&quot;classic&quot;}\">\n\t\t<div class=\"elementor-element elementor-element-5fec8a84 e-con-full e-flex e-con e-child\" data-id=\"5fec8a84\" data-element_type=\"container\">\n\t\t\t\t<div class=\"elementor-element elementor-element-49ccca20 elementor-widget elementor-widget-heading\" data-id=\"49ccca20\" data-element_type=\"widget\" data-widget_type=\"heading.default\">\n\t\t\t\t<div class=\"elementor-widget-container\">\n\t\t\t\t\t<h3 class=\"elementor-heading-title elementor-size-default\">Eco-Village<\/h3>\t\t\t\t<\/div>\n\t\t\t\t<\/div>\n\t\t\t\t<div class=\"elementor-element elementor-element-42619621 elementor-widget elementor-widget-text-editor\" data-id=\"42619621\" data-element_type=\"widget\" data-widget_type=\"text-editor.default\">\n\t\t\t\t<div class=\"elementor-widget-container\">\n\t\t\t\t\t\t\t\t\t<p>Eco-sustainable buildings<\/p>\t\t\t\t\t\t\t\t<\/div>\n\t\t\t\t<\/div>\n\t\t\t\t<\/div>\n\t\t\t\t<\/div>\n\t\t\t\t<\/div>\n\t\t<div class=\"elementor-element elementor-element-383b2123 e-con-full e-flex elementor-invisible e-con e-child\" data-id=\"383b2123\" data-element_type=\"container\" data-settings=\"{&quot;animation&quot;:&quot;fadeInUp&quot;,&quot;animation_delay&quot;:200}\">\n\t\t\t\t<div class=\"elementor-element elementor-element-6e2faaf6 elementor-widget elementor-widget-image\" data-id=\"6e2faaf6\" data-element_type=\"widget\" data-widget_type=\"image.default\">\n\t\t\t\t<div class=\"elementor-widget-container\">\n\t\t\t\t\t\t\t\t\t\t\t\t\t\t\t<img loading=\"lazy\" decoding=\"async\" width=\"378\" height=\"322\" src=\"https:\/\/guatencantada.com\/wp-content\/uploads\/2025\/07\/Rectangle-36-1.png\" class=\"attachment-large size-large wp-image-115\" alt=\"\" srcset=\"https:\/\/guatencantada.com\/wp-content\/uploads\/2025\/07\/Rectangle-36-1.png 378w, https:\/\/guatencantada.com\/wp-content\/uploads\/2025\/07\/Rectangle-36-1-300x256.png 300w\" sizes=\"(max-width: 378px) 100vw, 378px\" \/>\t\t\t\t\t\t\t\t\t\t\t\t\t\t\t<\/div>\n\t\t\t\t<\/div>\n\t\t<div class=\"elementor-element elementor-element-7b2a37 e-con-full e-flex e-con e-child\" data-id=\"7b2a37\" data-element_type=\"container\" data-settings=\"{&quot;background_background&quot;:&quot;classic&quot;}\">\n\t\t<div class=\"elementor-element elementor-element-61193ccc e-con-full e-flex e-con e-child\" data-id=\"61193ccc\" data-element_type=\"container\">\n\t\t\t\t<div class=\"elementor-element elementor-element-5c9565f5 elementor-widget elementor-widget-heading\" data-id=\"5c9565f5\" data-element_type=\"widget\" data-widget_type=\"heading.default\">\n\t\t\t\t<div class=\"elementor-widget-container\">\n\t\t\t\t\t<h3 class=\"elementor-heading-title elementor-size-default\">Friendly<\/h3>\t\t\t\t<\/div>\n\t\t\t\t<\/div>\n\t\t\t\t<div class=\"elementor-element elementor-element-6b2ddf03 elementor-widget elementor-widget-text-editor\" data-id=\"6b2ddf03\" data-element_type=\"widget\" data-widget_type=\"text-editor.default\">\n\t\t\t\t<div class=\"elementor-widget-container\">\n\t\t\t\t\t\t\t\t\t<p>With the environment<\/p>\t\t\t\t\t\t\t\t<\/div>\n\t\t\t\t<\/div>\n\t\t\t\t<\/div>\n\t\t\t\t<\/div>\n\t\t\t\t<\/div>\n\t\t<div class=\"elementor-element elementor-element-3ae3b210 e-con-full e-flex elementor-invisible e-con e-child\" data-id=\"3ae3b210\" data-element_type=\"container\" data-settings=\"{&quot;animation&quot;:&quot;fadeInUp&quot;,&quot;animation_delay&quot;:400}\">\n\t\t\t\t<div class=\"elementor-element elementor-element-3c38cbcf elementor-widget elementor-widget-image\" data-id=\"3c38cbcf\" data-element_type=\"widget\" data-widget_type=\"image.default\">\n\t\t\t\t<div class=\"elementor-widget-container\">\n\t\t\t\t\t\t\t\t\t\t\t\t\t\t\t<img loading=\"lazy\" decoding=\"async\" width=\"378\" height=\"322\" src=\"https:\/\/guatencantada.com\/wp-content\/uploads\/2025\/07\/Rectangle-36.png\" class=\"attachment-large size-large wp-image-116\" alt=\"\" srcset=\"https:\/\/guatencantada.com\/wp-content\/uploads\/2025\/07\/Rectangle-36.png 378w, https:\/\/guatencantada.com\/wp-content\/uploads\/2025\/07\/Rectangle-36-300x256.png 300w\" sizes=\"(max-width: 378px) 100vw, 378px\" \/>\t\t\t\t\t\t\t\t\t\t\t\t\t\t\t<\/div>\n\t\t\t\t<\/div>\n\t\t<div class=\"elementor-element elementor-element-520ed637 e-con-full e-flex e-con e-child\" data-id=\"520ed637\" data-element_type=\"container\" data-settings=\"{&quot;background_background&quot;:&quot;classic&quot;}\">\n\t\t<div class=\"elementor-element elementor-element-64312157 e-con-full e-flex e-con e-child\" data-id=\"64312157\" data-element_type=\"container\">\n\t\t\t\t<div class=\"elementor-element elementor-element-3d216bb7 elementor-widget elementor-widget-heading\" data-id=\"3d216bb7\" data-element_type=\"widget\" data-widget_type=\"heading.default\">\n\t\t\t\t<div class=\"elementor-widget-container\">\n\t\t\t\t\t<h3 class=\"elementor-heading-title elementor-size-default\">Stunning<\/h3>\t\t\t\t<\/div>\n\t\t\t\t<\/div>\n\t\t\t\t<div class=\"elementor-element elementor-element-30894009 elementor-widget elementor-widget-text-editor\" data-id=\"30894009\" data-element_type=\"widget\" data-widget_type=\"text-editor.default\">\n\t\t\t\t<div class=\"elementor-widget-container\">\n\t\t\t\t\t\t\t\t\t<p>Views<\/p>\t\t\t\t\t\t\t\t<\/div>\n\t\t\t\t<\/div>\n\t\t\t\t<\/div>\n\t\t\t\t<\/div>\n\t\t\t\t<\/div>\n\t\t\t\t<\/div>\n\t\t\t\t\t<\/div>\n\t\t\t\t<\/div>\n\t\t\t\t<\/div>","protected":false},"excerpt":{"rendered":"<p>Proyecto responsable Sobre Nosotros Una aventura aut\u00e9ntica, creada por quienes conocen la magia de estas tierras. Impulsado por Hobbitenango, este recorrido ha sido dise\u00f1ado con pasi\u00f3n, profesionalismo y prop\u00f3sito.\u2028 Gu\u00edas Locales Volc\u00e1n acatenango y fuego Nuestro equipo est\u00e1 formado por gu\u00edas locales apasionados, carism\u00e1ticos y profundamente conectados con su tierra.\u2028 Muchos de ellos son biling\u00fces [&hellip;]<\/p>","protected":false},"author":1,"featured_media":0,"parent":0,"menu_order":0,"comment_status":"closed","ping_status":"closed","template":"elementor_header_footer","meta":{"_acf_changed":false,"_joinchat":[],"footnotes":""},"class_list":["post-109","page","type-page","status-publish","hentry"],"acf":[],"_links":{"self":[{"href":"https:\/\/guatencantada.com\/en\/wp-json\/wp\/v2\/pages\/109","targetHints":{"allow":["GET"]}}],"collection":[{"href":"https:\/\/guatencantada.com\/en\/wp-json\/wp\/v2\/pages"}],"about":[{"href":"https:\/\/guatencantada.com\/en\/wp-json\/wp\/v2\/types\/page"}],"author":[{"embeddable":true,"href":"https:\/\/guatencantada.com\/en\/wp-json\/wp\/v2\/users\/1"}],"replies":[{"embeddable":true,"href":"https:\/\/guatencantada.com\/en\/wp-json\/wp\/v2\/comments?post=109"}],"version-history":[{"count":16,"href":"https:\/\/guatencantada.com\/en\/wp-json\/wp\/v2\/pages\/109\/revisions"}],"predecessor-version":[{"id":327,"href":"https:\/\/guatencantada.com\/en\/wp-json\/wp\/v2\/pages\/109\/revisions\/327"}],"wp:attachment":[{"href":"https:\/\/guatencantada.com\/en\/wp-json\/wp\/v2\/media?parent=109"}],"curies":[{"name":"wp","href":"https:\/\/api.w.org\/{rel}","templated":true}]}}